{"id":3813,"date":"2021-02-16T00:36:18","date_gmt":"2021-02-15T23:36:18","guid":{"rendered":"https:\/\/abbate-aviation-catering.com\/kontakt\/"},"modified":"2024-10-22T17:05:40","modified_gmt":"2024-10-22T15:05:40","slug":"kontakt","status":"publish","type":"page","link":"https:\/\/abbate-aviation-catering.com\/de\/kontakt\/","title":{"rendered":"Kontakt"},"content":{"rendered":"<section class=\"wpb-content-wrapper\">[vc_section full_width=&#8220;stretch_row&#8220; full_height=&#8220;yes&#8220; content_placement=&#8220;middle&#8220; pix_bg_grdient=&#8220;bg-gradient-primary&#8220; fade_in_opacity=&#8220;pix-opacity-4&#8243; pix_over_visibility=&#8220;&#8220; bottom_divider_select=&#8220;8&#8243; b_has_animation=&#8220;true&#8220; b_2_color=&#8220;rgba(255,255,255,0.3)&#8220; b_2_animation=&#8220;fade-in-up&#8220; b_3_color=&#8220;rgba(255,255,255,0.15)&#8220; b_3_animation=&#8220;fade-in-up&#8220; responsive_css=&#8220;{&#8222;pix_res_sm_pt&#8222;:&#8222;60&#8222;,&#8222;pix_res_md_pt&#8222;:&#8222;60&#8222;}&#8220; css=&#8220;.vc_custom_1722943665243{margin-top: -50px !important;padding-top: 120px !important;}&#8220; fade_in_intro=&#8220;4072&#8243; b_2_delay=&#8220;150&#8243; b_3_delay=&#8220;300&#8243;][vc_row full_width=&#8220;stretch_row&#8220; pix_particles_check=&#8220;&#8220;][vc_column]<div id=\"1613354029783-4cfc633b-3e33\" class=\"media  vc_custom_1723014786355\"><div class=\"mr-3 feature_img \"   style=\"position:relative;text-align:center;\"><i style=\"display:inline-block;font-size:30px;min-width:30px;line-height:30px;\" class=\"text-light-opacity-6 align-middle pixicon-lifebelt\"><\/i><\/div><div class=\"media-body text-left\"><div class=\"font-weight-bold  secondary-font text-light-opacity-9  \" style=\"padding-top:3px;font-size:18px;\"  >Ihr Ansprechpartner rund um die Uhr:<\/div><div class=\"text-text-gray      \" style=\"\"  ><\/div><\/div><\/div><div  class=\"pix-heading-el text-left \"><div><div class=\"slide-in-container\"><h1 class=\"text-white font-weight-bold heading-text el-title_custom_color mb-12\" style=\"\" data-anim-type=\"\" data-anim-delay=\"0\">Kontakt<\/h1><\/div><\/div><\/div><div class=\"pix-el-text w-100   vc_custom_1723014794920\" ><div class=\"d-inline-block\" style=\"max-width:600px;\"><p class=\"text-20  text-white  \" >Kontaktieren Sie uns jetzt f\u00fcr Ihr perfektes Erlebnis an Bord!<\/p><\/div><\/div>[\/vc_column][\/vc_row][vc_row pix_particles_check=&#8220;&#8220; css=&#8220;.vc_custom_1613437372156{padding-top: 30px !important;}&#8220;][vc_column][vc_row_inner equal_height=&#8220;yes&#8220; content_placement=&#8220;middle&#8220;][vc_column_inner width=&#8220;1\/3&#8243;]<div class=\"pix-content-box card      vc_custom_1722945725019    rounded-10 shadow-lg shadow-hover-lg fly-sm bg- w-100  \"   ><div class=\"scene scene-over\"><\/div><div class=\"\" style=\"z-index:30;position:relative;\"><a class=\"text-left \"  href=\"#\" target=\"\"><div id=\"duo-icon-124239211\" class=\"pix-icon text-left  vc_custom_1722943752441\"><div class=\"rounded-circle d-inline-block feature_img  bg-gradient-primary-light\"   style=\" width:108px;height:108px;position:relative;line-height:108px;text-align:center;\"><i style=\"display:inline-block;font-size:60px;line-height:60px;\" class=\"text-gradient-primary align-middle pixicon-phone\"><\/i><\/div><\/div><\/a><a  href=\"callto:+49(0)73160282656\" class=\"btn mb-2     text-dark-opacity-7 btn-link text-white d-inline-block no-padding     btn-md\"     ><span class=\"font-weight-bold \" >+49 (0) 731 60 28 26 56<\/span><\/a><\/div><\/div>[\/vc_column_inner][vc_column_inner width=&#8220;1\/3&#8243;]<div class=\"pix-content-box card      vc_custom_1613451230203    rounded-10 shadow-lg shadow-hover-lg fly-sm bg- w-100  \"   ><div class=\"scene scene-over\"><\/div><div class=\"\" style=\"z-index:30;position:relative;\"><a class=\"text-left \"  href=\"#\" target=\"\"><div id=\"duo-icon-10313499\" class=\"pix-icon text-left  vc_custom_1722943741277\"><div class=\"rounded-circle d-inline-block feature_img  bg-gradient-primary-light\"   style=\" width:108px;height:108px;position:relative;line-height:108px;text-align:center;\"><i style=\"display:inline-block;font-size:60px;line-height:60px;\" class=\"text-gradient-primary align-middle pixicon-email-open-2\"><\/i><\/div><\/div><\/a><a  href=\"mailto:catering@abbate-group.com\" class=\"btn mb-2     text-dark-opacity-7 btn-link text-white d-inline-block no-padding     btn-md\"     ><span class=\"font-weight-bold \" >catering@abbate-group.com<\/span><\/a><\/div><\/div>[\/vc_column_inner][vc_column_inner width=&#8220;1\/3&#8243;]<div class=\"pix-content-box card      vc_custom_1613451340378    rounded-10 shadow-lg shadow-hover-lg fly-sm bg- w-100  \"   ><div class=\"scene scene-over\"><\/div><div class=\"\" style=\"z-index:30;position:relative;\"><a class=\"text-left \"  href=\"#\" target=\"\"><div id=\"duo-icon-153466227\" class=\"pix-icon text-left  vc_custom_1607231873262\"><div class=\"rounded-circle d-inline-block feature_img  bg-gradient-primary-light\"   style=\" width:108px;height:108px;position:relative;line-height:108px;text-align:center;\"><i style=\"display:inline-block;font-size:60px;line-height:60px;\" class=\"text-gradient-primary align-middle pixicon-world-map-pin\"><\/i><\/div><\/div><\/a><div class=\"d-block w-100 text-left\"><a  href=\"https:\/\/maps.app.goo.gl\/nLZNN2UhfWuin7Cu9\" class=\"btn mb-2     text-dark-opacity-7 btn-link text-white d-block w-100  no-padding text-left    pix-btn-div btn-md\"     ><span class=\"font-weight-bold \" >Am Flughafen 42, 87766 Memmingerberg<\/span><\/a><\/div><\/div><\/div>[\/vc_column_inner][\/vc_row_inner][\/vc_column][\/vc_row][\/vc_section][vc_section full_width=&#8220;stretch_row&#8220; content_placement=&#8220;middle&#8220; pix_over_visibility=&#8220;&#8220; top_divider_select=&#8220;8&#8243; top_layers=&#8220;1&#8243; responsive_css=&#8220;{&#8222;pix_res_sm_pt&#8222;:&#8222;20&#8222;,&#8222;pix_res_sm_pb&#8222;:&#8222;20&#8222;,&#8222;pix_res_md_pt&#8222;:&#8222;40&#8222;,&#8222;pix_res_md_pb&#8222;:&#8222;40&#8222;}&#8220; css=&#8220;.vc_custom_1613516262109{padding-top: 0px !important;padding-bottom: 120px !important;background-color: #ffffff !important;border-radius: 20px !important;}&#8220; el_id=&#8220;pix_section_about&#8220; section_name=&#8220;About&#8220;][vc_row pix_particles_check=&#8220;&#8220; css=&#8220;.vc_custom_1613516514552{padding-bottom: 60px !important;}&#8220;][vc_column]<div  class=\"pix-heading-el text-left \"><div><div class=\"slide-in-container\"><h1 class=\"text-gradient-primary font-weight-bold heading-text el-title_custom_color mb-12\" style=\"\" data-anim-type=\"\" data-anim-delay=\"0\">Hochwertiges Catering f\u00fcr Ihren Charterflug vom Allg\u00e4u Airport Memmingen.<\/h1><\/div><\/div><\/div>[\/vc_column][\/vc_row][vc_row pix_particles_check=&#8220;&#8220;][vc_column width=&#8220;1\/2&#8243;]<div  class=\"pix-heading-el text-left  vc_custom_1723014828243\"><div><div class=\"slide-in-container\"><h6 class=\"text-heading-default font-weight-bold heading-text el-title_custom_color mb-12\" style=\"\" data-anim-type=\"\" data-anim-delay=\"0\">Buchen Sie einen Termin<\/h6><\/div><\/div><\/div><div class=\"text-left \"><div><h3 class=\"pix-headline my-3  push text-heading-default font-weight-bold  \" style=\"\"><span>Wir erstellen <\/span><span class=\"pix-words-wrapper\"><span class=\"is-visible \" >Indulgence.<\/span> <span class=\"\" >Standards.<\/span> <span class=\"\" >Comfort.<\/span> <span class=\"\" >Exclusivity.<\/span> <span class=\"\" >Experiences.<\/span> <\/span><span><\/span><\/h3><\/div><\/div><div class=\"pix-el-text w-100   vc_custom_1723014925105\" ><div class=\"d-inline-block\" style=\"max-width:600px;\"><p class=\"text-18  text-black  \" >Unser erstklassiger Service ist rund um die Uhr verf\u00fcgbar, zuverl\u00e4ssig und diskret. Wenn Sie kurzfristig besondere W\u00fcnsche haben, stehen wir Ihnen schnell und effizient zur Seite.<\/p><\/div><\/div>[\/vc_column][vc_column width=&#8220;1\/2&#8243;]<div class=\"d-inline-block \" ><div class=\"pix-img-el    text-left d-inline-block  w-100 rounded-10\"  ><img loading=\"lazy\" decoding=\"async\" class=\"card-img2 pix-img-elem rounded-10  h-1002\" style=\"height:auto;\" width=\"2560\" height=\"1707\" srcset=\"https:\/\/abbate-aviation-catering.com\/wp-content\/uploads\/2024\/08\/nahima-aparicio-ERa6eet3nuY-unsplash-scaled.jpg 2560w, https:\/\/abbate-aviation-catering.com\/wp-content\/uploads\/2024\/08\/nahima-aparicio-ERa6eet3nuY-unsplash-300x200.jpg 300w, https:\/\/abbate-aviation-catering.com\/wp-content\/uploads\/2024\/08\/nahima-aparicio-ERa6eet3nuY-unsplash-1024x683.jpg 1024w, https:\/\/abbate-aviation-catering.com\/wp-content\/uploads\/2024\/08\/nahima-aparicio-ERa6eet3nuY-unsplash-768x512.jpg 768w, https:\/\/abbate-aviation-catering.com\/wp-content\/uploads\/2024\/08\/nahima-aparicio-ERa6eet3nuY-unsplash-1536x1024.jpg 1536w, https:\/\/abbate-aviation-catering.com\/wp-content\/uploads\/2024\/08\/nahima-aparicio-ERa6eet3nuY-unsplash-2048x1365.jpg 2048w\" sizes=\"auto, (max-width: 2560px) 100vw, 2560px\" src=\"https:\/\/abbate-aviation-catering.com\/wp-content\/uploads\/2024\/08\/nahima-aparicio-ERa6eet3nuY-unsplash-scaled.jpg\" alt=\"\" \/><\/div><\/div>[\/vc_column][\/vc_row][\/vc_section][vc_row full_width=&#8220;stretch_row&#8220; equal_height=&#8220;yes&#8220; pix_particles_check=&#8220;&#8220; pix_visibility=&#8220;1&#8243; css=&#8220;.vc_custom_1723011343698{padding-top: 20px !important;padding-bottom: 140px !important;}&#8220;][vc_column width=&#8220;1\/2&#8243;]<div class=\"pix-photo-stack pix-img-n  vc_custom_1723011304805\"><div class=\"img-el\" ><div class=\"w-100 pix-bounce-sm pix-duration-slow\"><div class=\"animate-in d-inline-block w-100\" data-anim-type=\"fade-in-up\" data-anim-delay=\"0\"><div class=\"tilt\"><img decoding=\"async\" width=\"1200\" height=\"1600\" class=\"pix-lazy rounded-lg shadow-lg shadow-hover-lg fly-sm d-inline-block\" loading=\"lazy\" data-srcset=\"https:\/\/abbate-aviation-catering.com\/wp-content\/uploads\/2024\/08\/katie-azi-tEaajGCUyy8-unsplash-1-225x300.jpg 225w, https:\/\/abbate-aviation-catering.com\/wp-content\/uploads\/2024\/08\/katie-azi-tEaajGCUyy8-unsplash-1-768x1024.jpg 768w, https:\/\/abbate-aviation-catering.com\/wp-content\/uploads\/2024\/08\/katie-azi-tEaajGCUyy8-unsplash-1-1152x1536.jpg 1152w, https:\/\/abbate-aviation-catering.com\/wp-content\/uploads\/2024\/08\/katie-azi-tEaajGCUyy8-unsplash-1.jpg 1200w\" src=\"https:\/\/abbate-aviation-catering.com\/wp-content\/plugins\/pixfort-core\/functions\/images\/loading.webp\" data-src=\"https:\/\/abbate-aviation-catering.com\/wp-content\/uploads\/2024\/08\/katie-azi-tEaajGCUyy8-unsplash-1.jpg\" alt=\"\" \/><\/div><\/div><\/div><\/div><div class=\"img-el\" ><div class=\"w-100 pix-bounce-sm pix-duration-slow\"><div class=\"animate-in d-inline-block w-100\" data-anim-type=\"fade-in-up\" data-anim-delay=\"100\"><div class=\"tilt\"><img decoding=\"async\" width=\"1200\" height=\"1600\" class=\"pix-lazy rounded-lg shadow-lg shadow-hover-lg fly-sm d-inline-block\" loading=\"lazy\" data-srcset=\"https:\/\/abbate-aviation-catering.com\/wp-content\/uploads\/2024\/08\/niklas-jonasson-FazPmCV-9Jo-unsp-225x300.jpg 225w, https:\/\/abbate-aviation-catering.com\/wp-content\/uploads\/2024\/08\/niklas-jonasson-FazPmCV-9Jo-unsp-768x1024.jpg 768w, https:\/\/abbate-aviation-catering.com\/wp-content\/uploads\/2024\/08\/niklas-jonasson-FazPmCV-9Jo-unsp-1152x1536.jpg 1152w, https:\/\/abbate-aviation-catering.com\/wp-content\/uploads\/2024\/08\/niklas-jonasson-FazPmCV-9Jo-unsp.jpg 1200w\" src=\"https:\/\/abbate-aviation-catering.com\/wp-content\/plugins\/pixfort-core\/functions\/images\/loading.webp\" data-src=\"https:\/\/abbate-aviation-catering.com\/wp-content\/uploads\/2024\/08\/niklas-jonasson-FazPmCV-9Jo-unsp.jpg\" alt=\"\" \/><\/div><\/div><\/div><\/div><div class=\"img-el\" ><div class=\"w-100 pix-bounce-sm pix-duration-slow\"><div class=\"animate-in d-inline-block w-100\" data-anim-type=\"fade-in-up\" data-anim-delay=\"200\"><div class=\"tilt\"><img decoding=\"async\" width=\"1200\" height=\"1600\" class=\"pix-lazy rounded-lg shadow-lg shadow-hover-lg fly-sm d-inline-block\" loading=\"lazy\" data-srcset=\"https:\/\/abbate-aviation-catering.com\/wp-content\/uploads\/2024\/08\/nahima-aparicio-xYiVI-TQvAE-unsp-225x300.jpg 225w, https:\/\/abbate-aviation-catering.com\/wp-content\/uploads\/2024\/08\/nahima-aparicio-xYiVI-TQvAE-unsp-768x1024.jpg 768w, https:\/\/abbate-aviation-catering.com\/wp-content\/uploads\/2024\/08\/nahima-aparicio-xYiVI-TQvAE-unsp-1152x1536.jpg 1152w, https:\/\/abbate-aviation-catering.com\/wp-content\/uploads\/2024\/08\/nahima-aparicio-xYiVI-TQvAE-unsp.jpg 1200w\" src=\"https:\/\/abbate-aviation-catering.com\/wp-content\/plugins\/pixfort-core\/functions\/images\/loading.webp\" data-src=\"https:\/\/abbate-aviation-catering.com\/wp-content\/uploads\/2024\/08\/nahima-aparicio-xYiVI-TQvAE-unsp.jpg\" alt=\"\" \/><\/div><\/div><\/div><\/div><\/div>[\/vc_column][vc_column width=&#8220;1\/2&#8243;]<div class=\"pix-content-box card   sticky-top pix-sticky-top-adjust   vc_custom_1723011339034    rounded-lg bg- w-100  \"   ><div class=\"\" style=\"z-index:30;position:relative;\"><div  class=\"pix-heading-el text-left \"><div><div class=\"slide-in-container\"><h2 class=\"text-heading-default font-weight-bold animate-in heading-text el-title_custom_color mb-12\" style=\"\" data-anim-type=\"slide-in-up\" data-anim-delay=\"0\">Sind Sie bereit f\u00fcr ein au\u00dfergew\u00f6hnliches Catering-Erlebnis?<\/h2><\/div><\/div><\/div><div class=\"pix-el-text w-100   vc_custom_1723014938360\" ><p class=\"text-18  text-heading-default  \" ><span class=\"text-heading-default animate-in d-inline-block\" data-anim-delay=\"200\" data-anim-type=\"fade-in-up\">Setzen Sie sich noch heute mit uns in Verbindung, um Ihr individuelles Men\u00fc und Ihre Sonderw\u00fcnsche zu besprechen. Unser Team steht Ihnen rund um die Uhr zur Verf\u00fcgung, um Ihren Flug kulinarisch zu perfektionieren. Senden Sie uns einfach eine E-Mail oder rufen Sie uns an &#8211; wir freuen uns darauf, Ihre Erwartungen zu \u00fcbertreffen!<\/span><\/p><\/div><\/div><\/div>[\/vc_column][\/vc_row]<\/section>","protected":false},"excerpt":{"rendered":"[vc_section full_width=&#8220;stretch_row&#8220; full_height=&#8220;yes&#8220; content_placement=&#8220;middle&#8220; pix_bg_grdient=&#8220;bg-gradient-primary&#8220; fade_in_opacity=&#8220;pix-opacity-4&#8243; pix_over_visibility=&#8220;&#8220; bottom_divider_select=&#8220;8&#8243; b_has_animation=&#8220;true&#8220; b_2_color=&#8220;rgba(255,255,255,0.3)&#8220; b_2_animation=&#8220;fade-in-up&#8220; b_3_color=&#8220;rgba(255,255,255,0.15)&#8220; b_3_animation=&#8220;fade-in-up&#8220; responsive_css=&#8220;{&#8222;pix_res_sm_pt&#8222;:&#8222;60&#8222;,&#8222;pix_res_md_pt&#8222;:&#8222;60&#8222;}&#8220; css=&#8220;.vc_custom_1722943665243{margin-top: -50px !important;padding-top: 120px !important;}&#8220; fade_in_intro=&#8220;4072&#8243; b_2_delay=&#8220;150&#8243; b_3_delay=&#8220;300&#8243;][vc_row full_width=&#8220;stretch_row&#8220; pix_particles_check=&#8220;&#8220;][vc_column][\/vc_column][\/vc_row][vc_row pix_particles_check=&#8220;&#8220; css=&#8220;.vc_custom_1613437372156{padding-top: 30px !important;}&#8220;][vc_column][vc_row_inner equal_height=&#8220;yes&#8220; content_placement=&#8220;middle&#8220;][vc_column_inner width=&#8220;1\/3&#8243;][\/vc_column_inner][vc_column_inner width=&#8220;1\/3&#8243;][\/vc_column_inner][vc_column_inner width=&#8220;1\/3&#8243;][\/vc_column_inner][\/vc_row_inner][\/vc_column][\/vc_row][\/vc_section][vc_section full_width=&#8220;stretch_row&#8220; content_placement=&#8220;middle&#8220; pix_over_visibility=&#8220;&#8220; top_divider_select=&#8220;8&#8243; top_layers=&#8220;1&#8243; responsive_css=&#8220;{&#8222;pix_res_sm_pt&#8222;:&#8222;20&#8222;,&#8222;pix_res_sm_pb&#8222;:&#8222;20&#8222;,&#8222;pix_res_md_pt&#8222;:&#8222;40&#8222;,&#8222;pix_res_md_pb&#8222;:&#8222;40&#8222;}&#8220; css=&#8220;.vc_custom_1613516262109{padding-top:&#8230;","protected":false},"author":1,"featured_media":3776,"parent":0,"menu_order":0,"comment_status":"closed","ping_status":"closed","template":"","meta":{"footnotes":""},"class_list":["post-3813","page","type-page","status-publish","has-post-thumbnail","hentry"],"yoast_head":"<!-- This site is optimized with the Yoast SEO plugin v27.4 - https:\/\/yoast.com\/product\/yoast-seo-wordpress\/ -->\n<title>Kontakt - abbate-aviation-catering.com<\/title>\n<meta name=\"description\" content=\"Abbate Aviation Catering. Catering einzigartige Men\u00fcs\" \/>\n<meta name=\"robots\" content=\"index, follow, max-snippet:-1, max-image-preview:large, max-video-preview:-1\" \/>\n<link rel=\"canonical\" href=\"https:\/\/abbate-aviation-catering.com\/de\/kontakt\/\" \/>\n<meta property=\"og:locale\" content=\"de_DE\" \/>\n<meta property=\"og:type\" content=\"article\" \/>\n<meta property=\"og:title\" content=\"Kontakt - abbate-aviation-catering.com\" \/>\n<meta property=\"og:description\" content=\"Abbate Aviation Catering. Catering einzigartige Men\u00fcs\" \/>\n<meta property=\"og:url\" content=\"https:\/\/abbate-aviation-catering.com\/de\/kontakt\/\" \/>\n<meta property=\"og:site_name\" content=\"abbate-aviation-catering.com\" \/>\n<meta property=\"article:modified_time\" content=\"2024-10-22T15:05:40+00:00\" \/>\n<meta property=\"og:image\" content=\"https:\/\/abbate-aviation-catering.com\/wp-content\/uploads\/2023\/05\/clear-air-fly-fantastic-travel.jpg\" \/>\n\t<meta property=\"og:image:width\" content=\"2000\" \/>\n\t<meta property=\"og:image:height\" content=\"955\" \/>\n\t<meta property=\"og:image:type\" content=\"image\/jpeg\" \/>\n<meta name=\"twitter:card\" content=\"summary_large_image\" \/>\n<meta name=\"twitter:label1\" content=\"Gesch\u00e4tzte Lesezeit\" \/>\n\t<meta name=\"twitter:data1\" content=\"3\u00a0Minuten\" \/>\n<script type=\"application\/ld+json\" class=\"yoast-schema-graph\">{\"@context\":\"https:\\\/\\\/schema.org\",\"@graph\":[{\"@type\":\"WebPage\",\"@id\":\"https:\\\/\\\/abbate-aviation-catering.com\\\/de\\\/kontakt\\\/\",\"url\":\"https:\\\/\\\/abbate-aviation-catering.com\\\/de\\\/kontakt\\\/\",\"name\":\"Kontakt - abbate-aviation-catering.com\",\"isPartOf\":{\"@id\":\"https:\\\/\\\/abbate-aviation-catering.com\\\/de\\\/#website\"},\"primaryImageOfPage\":{\"@id\":\"https:\\\/\\\/abbate-aviation-catering.com\\\/de\\\/kontakt\\\/#primaryimage\"},\"image\":{\"@id\":\"https:\\\/\\\/abbate-aviation-catering.com\\\/de\\\/kontakt\\\/#primaryimage\"},\"thumbnailUrl\":\"https:\\\/\\\/abbate-aviation-catering.com\\\/wp-content\\\/uploads\\\/2023\\\/05\\\/clear-air-fly-fantastic-travel.jpg\",\"datePublished\":\"2021-02-15T23:36:18+00:00\",\"dateModified\":\"2024-10-22T15:05:40+00:00\",\"description\":\"Abbate Aviation Catering. Catering einzigartige Men\u00fcs\",\"breadcrumb\":{\"@id\":\"https:\\\/\\\/abbate-aviation-catering.com\\\/de\\\/kontakt\\\/#breadcrumb\"},\"inLanguage\":\"de\",\"potentialAction\":[{\"@type\":\"ReadAction\",\"target\":[\"https:\\\/\\\/abbate-aviation-catering.com\\\/de\\\/kontakt\\\/\"]}]},{\"@type\":\"ImageObject\",\"inLanguage\":\"de\",\"@id\":\"https:\\\/\\\/abbate-aviation-catering.com\\\/de\\\/kontakt\\\/#primaryimage\",\"url\":\"https:\\\/\\\/abbate-aviation-catering.com\\\/wp-content\\\/uploads\\\/2023\\\/05\\\/clear-air-fly-fantastic-travel.jpg\",\"contentUrl\":\"https:\\\/\\\/abbate-aviation-catering.com\\\/wp-content\\\/uploads\\\/2023\\\/05\\\/clear-air-fly-fantastic-travel.jpg\",\"width\":2000,\"height\":955},{\"@type\":\"BreadcrumbList\",\"@id\":\"https:\\\/\\\/abbate-aviation-catering.com\\\/de\\\/kontakt\\\/#breadcrumb\",\"itemListElement\":[{\"@type\":\"ListItem\",\"position\":1,\"name\":\"Home\",\"item\":\"https:\\\/\\\/abbate-aviation-catering.com\\\/de\\\/\"},{\"@type\":\"ListItem\",\"position\":2,\"name\":\"Kontakt\"}]},{\"@type\":\"WebSite\",\"@id\":\"https:\\\/\\\/abbate-aviation-catering.com\\\/de\\\/#website\",\"url\":\"https:\\\/\\\/abbate-aviation-catering.com\\\/de\\\/\",\"name\":\"abbate-aviation-catering.com\",\"description\":\"\",\"potentialAction\":[{\"@type\":\"SearchAction\",\"target\":{\"@type\":\"EntryPoint\",\"urlTemplate\":\"https:\\\/\\\/abbate-aviation-catering.com\\\/de\\\/?s={search_term_string}\"},\"query-input\":{\"@type\":\"PropertyValueSpecification\",\"valueRequired\":true,\"valueName\":\"search_term_string\"}}],\"inLanguage\":\"de\"}]}<\/script>\n<!-- \/ Yoast SEO plugin. -->","yoast_head_json":{"title":"Kontakt - abbate-aviation-catering.com","description":"Abbate Aviation Catering. Catering einzigartige Men\u00fcs","robots":{"index":"index","follow":"follow","max-snippet":"max-snippet:-1","max-image-preview":"max-image-preview:large","max-video-preview":"max-video-preview:-1"},"canonical":"https:\/\/abbate-aviation-catering.com\/de\/kontakt\/","og_locale":"de_DE","og_type":"article","og_title":"Kontakt - abbate-aviation-catering.com","og_description":"Abbate Aviation Catering. Catering einzigartige Men\u00fcs","og_url":"https:\/\/abbate-aviation-catering.com\/de\/kontakt\/","og_site_name":"abbate-aviation-catering.com","article_modified_time":"2024-10-22T15:05:40+00:00","og_image":[{"width":2000,"height":955,"url":"https:\/\/abbate-aviation-catering.com\/wp-content\/uploads\/2023\/05\/clear-air-fly-fantastic-travel.jpg","type":"image\/jpeg"}],"twitter_card":"summary_large_image","twitter_misc":{"Gesch\u00e4tzte Lesezeit":"3\u00a0Minuten"},"schema":{"@context":"https:\/\/schema.org","@graph":[{"@type":"WebPage","@id":"https:\/\/abbate-aviation-catering.com\/de\/kontakt\/","url":"https:\/\/abbate-aviation-catering.com\/de\/kontakt\/","name":"Kontakt - abbate-aviation-catering.com","isPartOf":{"@id":"https:\/\/abbate-aviation-catering.com\/de\/#website"},"primaryImageOfPage":{"@id":"https:\/\/abbate-aviation-catering.com\/de\/kontakt\/#primaryimage"},"image":{"@id":"https:\/\/abbate-aviation-catering.com\/de\/kontakt\/#primaryimage"},"thumbnailUrl":"https:\/\/abbate-aviation-catering.com\/wp-content\/uploads\/2023\/05\/clear-air-fly-fantastic-travel.jpg","datePublished":"2021-02-15T23:36:18+00:00","dateModified":"2024-10-22T15:05:40+00:00","description":"Abbate Aviation Catering. Catering einzigartige Men\u00fcs","breadcrumb":{"@id":"https:\/\/abbate-aviation-catering.com\/de\/kontakt\/#breadcrumb"},"inLanguage":"de","potentialAction":[{"@type":"ReadAction","target":["https:\/\/abbate-aviation-catering.com\/de\/kontakt\/"]}]},{"@type":"ImageObject","inLanguage":"de","@id":"https:\/\/abbate-aviation-catering.com\/de\/kontakt\/#primaryimage","url":"https:\/\/abbate-aviation-catering.com\/wp-content\/uploads\/2023\/05\/clear-air-fly-fantastic-travel.jpg","contentUrl":"https:\/\/abbate-aviation-catering.com\/wp-content\/uploads\/2023\/05\/clear-air-fly-fantastic-travel.jpg","width":2000,"height":955},{"@type":"BreadcrumbList","@id":"https:\/\/abbate-aviation-catering.com\/de\/kontakt\/#breadcrumb","itemListElement":[{"@type":"ListItem","position":1,"name":"Home","item":"https:\/\/abbate-aviation-catering.com\/de\/"},{"@type":"ListItem","position":2,"name":"Kontakt"}]},{"@type":"WebSite","@id":"https:\/\/abbate-aviation-catering.com\/de\/#website","url":"https:\/\/abbate-aviation-catering.com\/de\/","name":"abbate-aviation-catering.com","description":"","potentialAction":[{"@type":"SearchAction","target":{"@type":"EntryPoint","urlTemplate":"https:\/\/abbate-aviation-catering.com\/de\/?s={search_term_string}"},"query-input":{"@type":"PropertyValueSpecification","valueRequired":true,"valueName":"search_term_string"}}],"inLanguage":"de"}]}},"_links":{"self":[{"href":"https:\/\/abbate-aviation-catering.com\/de\/wp-json\/wp\/v2\/pages\/3813","targetHints":{"allow":["GET"]}}],"collection":[{"href":"https:\/\/abbate-aviation-catering.com\/de\/wp-json\/wp\/v2\/pages"}],"about":[{"href":"https:\/\/abbate-aviation-catering.com\/de\/wp-json\/wp\/v2\/types\/page"}],"author":[{"embeddable":true,"href":"https:\/\/abbate-aviation-catering.com\/de\/wp-json\/wp\/v2\/users\/1"}],"replies":[{"embeddable":true,"href":"https:\/\/abbate-aviation-catering.com\/de\/wp-json\/wp\/v2\/comments?post=3813"}],"version-history":[{"count":41,"href":"https:\/\/abbate-aviation-catering.com\/de\/wp-json\/wp\/v2\/pages\/3813\/revisions"}],"predecessor-version":[{"id":4212,"href":"https:\/\/abbate-aviation-catering.com\/de\/wp-json\/wp\/v2\/pages\/3813\/revisions\/4212"}],"wp:featuredmedia":[{"embeddable":true,"href":"https:\/\/abbate-aviation-catering.com\/de\/wp-json\/wp\/v2\/media\/3776"}],"wp:attachment":[{"href":"https:\/\/abbate-aviation-catering.com\/de\/wp-json\/wp\/v2\/media?parent=3813"}],"curies":[{"name":"wp","href":"https:\/\/api.w.org\/{rel}","templated":true}]}}